{"id":450,"date":"2022-09-26T14:52:30","date_gmt":"2022-09-26T12:52:30","guid":{"rendered":"https:\/\/hannah-wesemeyer.de\/?page_id=450"},"modified":"2025-07-23T10:07:10","modified_gmt":"2025-07-23T08:07:10","slug":"impressum","status":"publish","type":"page","link":"https:\/\/hannah-wesemeyer.de\/es\/impressum\/","title":{"rendered":"Impressum"},"content":{"rendered":"<p>[et_pb_section fb_built=&#8220;1&#8243; _builder_version=&#8220;4.18.0&#8243; _module_preset=&#8220;default&#8220; global_colors_info=&#8220;{}&#8220;][et_pb_row _builder_version=&#8220;4.18.0&#8243; _module_preset=&#8220;default&#8220; global_colors_info=&#8220;{}&#8220;][et_pb_column type=&#8220;4_4&#8243; _builder_version=&#8220;4.18.0&#8243; _module_preset=&#8220;default&#8220; global_colors_info=&#8220;{}&#8220;][et_pb_text module_class=&#8220;service&#8220; _builder_version=&#8220;4.18.0&#8243; _module_preset=&#8220;default&#8220; text_font=&#8220;Roboto Slab||||||||&#8220; text_font_size=&#8220;1.2em&#8220; text_line_height=&#8220;1.8em&#8220; header_font=&#8220;Roboto Slab|600|||||||&#8220; header_text_color=&#8220;#1f1c17&#8243; header_font_size=&#8220;2.2em&#8220; header_2_font=&#8220;Fira Sans|600|||||||&#8220; global_colors_info=&#8220;{}&#8220;]<\/p>\n<h1>Impressum<\/h1>\n<p>Hannah Wesemeyer<br \/>int\u00e9rprete de conferencias<br \/>Kochstra\u00dfe 96<br \/>04277 Leipzig<\/p>\n<h2>Contacto<\/h2>\n<p>Telefon: +49 341 58095991<br \/>E-Mail: dolmetscherin@hannah-wesemeyer.de<\/p>\n<h2>Umsatzsteuer-ID<\/h2>\n<p>Umsatzsteuer-Identifikationsnummer gem\u00e4\u00df \u00a7 27 a Umsatzsteuergesetz:<br \/>DE343087906<\/p>\n<h2>Angaben zur Berufs\u00adhaftpflicht\u00adversicherung<\/h2>\n<p><strong>Name und Sitz des Versicherers:<\/strong><br \/>Hiscox SA, Niederlassung f\u00fcr Deutschland<br \/>Hauptbevollm\u00e4chtigter: Markus Niederreiner<\/p>\n<p>Arnulfstra\u00dfe 31<br \/>80636 M\u00fcnchen<br \/>Tel.: +49 89 54 58 01 281<br \/>E-Mail: hiscox.info@hiscox.de<br \/>Internet: www.hiscox.de<\/p>\n<h2>Redaktionell verantwortlich<\/h2>\n<p>Hannah Wesemeyer<\/p>\n<h2>Gestaltung und Umsetzung<\/h2>\n<p><a href=\"https:\/\/taylerspoint.de\" target=\"_blank\" rel=\"noopener\">Meik Schneider, Taylerspoint<\/a><\/p>\n<p><span style=\"color: #016f90; font-family: 'Fira Sans', Helvetica, Arial, Lucida, sans-serif; font-size: 26px; font-weight: 600;\">Verbraucher\u00adstreit\u00adbeilegung\/Universal\u00adschlichtungs\u00adstelle<\/span><\/p>\n<p>Wir sind nicht bereit oder verpflichtet, an Streitbeilegungsverfahren vor einer Verbraucherschlichtungsstelle teilzunehmen.<\/p>\n<p>[\/et_pb_text][\/et_pb_column][\/et_pb_row][\/et_pb_section]<\/p>","protected":false},"excerpt":{"rendered":"<p>Impressum Hannah WesemeyerKonferenzdolmetscherinKochstra\u00dfe 9604277 Leipzig Kontakt Telefon: +49 341 58095991E-Mail: dolmetscherin@hannah-wesemeyer.de Umsatzsteuer-ID Umsatzsteuer-Identifikationsnummer gem\u00e4\u00df \u00a7 27 a Umsatzsteuergesetz:DE343087906 Angaben zur Berufs\u00adhaftpflicht\u00adversicherung Name und Sitz des Versicherers:Hiscox SA, Niederlassung f\u00fcr DeutschlandHauptbevollm\u00e4chtigter: Markus Niederreiner Arnulfstra\u00dfe 3180636 M\u00fcnchenTel.: +49 89 54 58 01 281E-Mail: hiscox.info@hiscox.deInternet: www.hiscox.de Redaktionell verantwortlich Hannah Wesemeyer Gestaltung und Umsetzung Meik Schneider, Taylerspoint Verbraucher\u00adstreit\u00adbeilegung\/Universal\u00adschlichtungs\u00adstelle Wir [&hellip;]<\/p>","protected":false},"author":4,"featured_media":0,"parent":0,"menu_order":0,"comment_status":"closed","ping_status":"closed","template":"","meta":{"_et_pb_use_builder":"on","_et_pb_old_content":"","_et_gb_content_width":"","footnotes":""},"class_list":["post-450","page","type-page","status-publish","hentry"],"_links":{"self":[{"href":"https:\/\/hannah-wesemeyer.de\/es\/wp-json\/wp\/v2\/pages\/450","targetHints":{"allow":["GET"]}}],"collection":[{"href":"https:\/\/hannah-wesemeyer.de\/es\/wp-json\/wp\/v2\/pages"}],"about":[{"href":"https:\/\/hannah-wesemeyer.de\/es\/wp-json\/wp\/v2\/types\/page"}],"author":[{"embeddable":true,"href":"https:\/\/hannah-wesemeyer.de\/es\/wp-json\/wp\/v2\/users\/4"}],"replies":[{"embeddable":true,"href":"https:\/\/hannah-wesemeyer.de\/es\/wp-json\/wp\/v2\/comments?post=450"}],"version-history":[{"count":8,"href":"https:\/\/hannah-wesemeyer.de\/es\/wp-json\/wp\/v2\/pages\/450\/revisions"}],"predecessor-version":[{"id":548,"href":"https:\/\/hannah-wesemeyer.de\/es\/wp-json\/wp\/v2\/pages\/450\/revisions\/548"}],"wp:attachment":[{"href":"https:\/\/hannah-wesemeyer.de\/es\/wp-json\/wp\/v2\/media?parent=450"}],"curies":[{"name":"wp","href":"https:\/\/api.w.org\/{rel}","templated":true}]}}